{"id":667,"date":"2025-02-03T10:37:20","date_gmt":"2025-02-03T08:37:20","guid":{"rendered":"https:\/\/www.rakennuskuusela.fi\/?page_id=667"},"modified":"2025-07-27T15:23:46","modified_gmt":"2025-07-27T13:23:46","slug":"pihapuiden-kaadot","status":"publish","type":"page","link":"https:\/\/www.rakennuskuusela.fi\/?page_id=667","title":{"rendered":"Pihapuiden kaadot"},"content":{"rendered":"\n<p class=\"has-medium-font-size\">EK-Works Oy tarjoaa asiantuntevaa ja tehokasta pihapuiden kaatopalvelua. <\/p>\n\n\n\n<p class=\"has-medium-font-size\">Palveluun kuuluu puiden arviointi, pystyyn karsiminen, kaato ja mahdollisten kantojen ja oksien poisvienti.<\/p>\n\n\n\n<p class=\"has-medium-font-size\">Kokenut tiimimme k\u00e4ytt\u00e4\u00e4 moderneja ty\u00f6kaluja ja menetelmi\u00e4 varmistaakseen, ett\u00e4 ty\u00f6 suoritetaan tehokkaasti.<\/p>\n\n\n\n<p class=\"has-medium-font-size\">Jos pihassasi on viel\u00e4 harmillisia puita pystyss\u00e4 eik\u00e4 niit\u00e4 voida kaataa suorakaatona. Ota yhteytt\u00e4!<\/p>\n\n\n\n<p class=\"has-medium-font-size\">Eetu, 010 200 8080<\/p>\n","protected":false},"excerpt":{"rendered":"<p>EK-Works Oy tarjoaa asiantuntevaa ja tehokasta pihapuiden kaatopalvelua. Palveluun kuuluu puiden arviointi, pystyyn karsiminen, kaato ja mahdollisten kantojen ja oksien poisvienti. Kokenut tiimimme k\u00e4ytt\u00e4\u00e4 moderneja ty\u00f6kaluja ja menetelmi\u00e4 varmistaakseen, ett\u00e4 ty\u00f6 suoritetaan tehokkaasti. Jos pihassasi on viel\u00e4 harmillisia puita pystyss\u00e4 eik\u00e4 niit\u00e4 voida kaataa suorakaatona. Ota yhteytt\u00e4! Eetu, 010 200 8080<\/p>\n","protected":false},"author":1,"featured_media":0,"parent":0,"menu_order":0,"comment_status":"closed","ping_status":"closed","template":"","meta":{"footnotes":""},"class_list":["post-667","page","type-page","status-publish","hentry"],"_links":{"self":[{"href":"https:\/\/www.rakennuskuusela.fi\/index.php?rest_route=\/wp\/v2\/pages\/667","targetHints":{"allow":["GET"]}}],"collection":[{"href":"https:\/\/www.rakennuskuusela.fi\/index.php?rest_route=\/wp\/v2\/pages"}],"about":[{"href":"https:\/\/www.rakennuskuusela.fi\/index.php?rest_route=\/wp\/v2\/types\/page"}],"author":[{"embeddable":true,"href":"https:\/\/www.rakennuskuusela.fi\/index.php?rest_route=\/wp\/v2\/users\/1"}],"replies":[{"embeddable":true,"href":"https:\/\/www.rakennuskuusela.fi\/index.php?rest_route=%2Fwp%2Fv2%2Fcomments&post=667"}],"version-history":[{"count":3,"href":"https:\/\/www.rakennuskuusela.fi\/index.php?rest_route=\/wp\/v2\/pages\/667\/revisions"}],"predecessor-version":[{"id":722,"href":"https:\/\/www.rakennuskuusela.fi\/index.php?rest_route=\/wp\/v2\/pages\/667\/revisions\/722"}],"wp:attachment":[{"href":"https:\/\/www.rakennuskuusela.fi\/index.php?rest_route=%2Fwp%2Fv2%2Fmedia&parent=667"}],"curies":[{"name":"wp","href":"https:\/\/api.w.org\/{rel}","templated":true}]}}