{"id":543,"date":"2021-07-29T23:37:14","date_gmt":"2021-07-29T21:37:14","guid":{"rendered":"https:\/\/www.rakennuskuusela.fi\/?page_id=543"},"modified":"2025-02-03T12:27:23","modified_gmt":"2025-02-03T10:27:23","slug":"ek-works-oy","status":"publish","type":"page","link":"https:\/\/www.rakennuskuusela.fi\/","title":{"rendered":"Leguan 190 TRD henkil\u00f6nostin vuokralle 195\u20ac vrk"},"content":{"rendered":"\n<figure class=\"wp-block-image size-large is-resized is-style-rounded\"><img loading=\"lazy\" decoding=\"async\" width=\"1024\" height=\"768\" src=\"https:\/\/www.rakennuskuusela.fi\/wp-content\/uploads\/2022\/08\/IMG202207081355341-1024x768.jpg\" alt=\"\" class=\"wp-image-642\" style=\"aspect-ratio:1.336111111111111;width:341px;height:auto\" srcset=\"https:\/\/www.rakennuskuusela.fi\/wp-content\/uploads\/2022\/08\/IMG202207081355341-1024x768.jpg 1024w, https:\/\/www.rakennuskuusela.fi\/wp-content\/uploads\/2022\/08\/IMG202207081355341-300x225.jpg 300w, https:\/\/www.rakennuskuusela.fi\/wp-content\/uploads\/2022\/08\/IMG202207081355341-768x576.jpg 768w, https:\/\/www.rakennuskuusela.fi\/wp-content\/uploads\/2022\/08\/IMG202207081355341-1536x1152.jpg 1536w, https:\/\/www.rakennuskuusela.fi\/wp-content\/uploads\/2022\/08\/IMG202207081355341-2048x1536.jpg 2048w, https:\/\/www.rakennuskuusela.fi\/wp-content\/uploads\/2022\/08\/IMG202207081355341-1x1.jpg 1w\" sizes=\"auto, (max-width: 1024px) 100vw, 1024px\" \/><\/figure>\n\n\n\n<figure class=\"wp-block-image size-large is-resized is-style-rounded\"><img loading=\"lazy\" decoding=\"async\" width=\"1024\" height=\"768\" src=\"https:\/\/www.rakennuskuusela.fi\/wp-content\/uploads\/2022\/08\/IMG202208061122151-1024x768.jpg\" alt=\"\" class=\"wp-image-576\" style=\"aspect-ratio:1.3342465753424657;width:340px;height:auto\" srcset=\"https:\/\/www.rakennuskuusela.fi\/wp-content\/uploads\/2022\/08\/IMG202208061122151-1024x768.jpg 1024w, https:\/\/www.rakennuskuusela.fi\/wp-content\/uploads\/2022\/08\/IMG202208061122151-300x225.jpg 300w, https:\/\/www.rakennuskuusela.fi\/wp-content\/uploads\/2022\/08\/IMG202208061122151-768x576.jpg 768w, https:\/\/www.rakennuskuusela.fi\/wp-content\/uploads\/2022\/08\/IMG202208061122151-1536x1152.jpg 1536w, https:\/\/www.rakennuskuusela.fi\/wp-content\/uploads\/2022\/08\/IMG202208061122151-2048x1536.jpg 2048w, https:\/\/www.rakennuskuusela.fi\/wp-content\/uploads\/2022\/08\/IMG202208061122151-1x1.jpg 1w\" sizes=\"auto, (max-width: 1024px) 100vw, 1024px\" \/><\/figure>\n\n\n\n<p class=\"has-black-color has-text-color has-medium-font-size\"><\/p>\n\n\n\n<p class=\"has-medium-font-size\">Onko sinulla tarvetta henkil\u00f6nostimelle jolla p\u00e4\u00e4see paikkaan kuin paikkaan. Pienen koon vuoksi nostimella on todella laaja k\u00e4ytt\u00f6alue. <\/p>\n\n\n\n<p class=\"has-medium-font-size\">Nostin sopii erinomaisesti esimerkiksi rakennust\u00f6ihin, sein\u00e4n maalaukseen tai arboristik\u00e4ytt\u00f6\u00f6n.<\/p>\n\n\n\n<p class=\"has-medium-font-size\">Tarpeen tullen kuljetamme nostimen kotiisi Pirkanmaan alueella 1,25\u20ac\/KM<\/p>\n\n\n\n<p>Hinnat sis\u00e4lt\u00e4v\u00e4t arvolis\u00e4veron 24%<\/p>\n\n\n\n<p class=\"has-medium-font-size\">Ota rohkeasti yhteytt\u00e4!<\/p>\n\n\n\n<p><\/p>\n\n\n\n<h2 class=\"wp-block-heading\">TEKNISET TIEDOT<\/h2>\n\n\n\n<h3 class=\"wp-block-heading\">Leguan 190<\/h3>\n\n\n\n<figure class=\"wp-block-table\"><table><tbody><tr><td>Suurin ty\u00f6skentelykorkeus<\/td><td>19,00 m (230 kg)<\/td><\/tr><tr><td>Suurin ty\u00f6tason korkeus<\/td><td>17,00 m<\/td><\/tr><tr><td>Suurin sivu-ulottuma<\/td><td>8,1 m (230 kg) \/ 9,8 m (120 kg)<\/td><\/tr><tr><td>Suurin sallittu korikuorma<\/td><td>230 kg \/ 2 henkil\u00f6\u00e4 + tarvikkeet<\/td><\/tr><tr><td>Kuljetusmitat (P x L x K)<\/td><td>5,10 m x 1,33 m x 2,01 m<\/td><\/tr><tr><td>Mitat ilman ty\u00f6koria (P x L)<\/td><td>4,44 m x 1,25 m<\/td><\/tr><tr><td>Ty\u00f6korin mitat<\/td><td>1,33 m x 0,75 m (pikakiinnitys)<\/td><\/tr><tr><td>Ty\u00f6korin k\u00e4\u00e4nt\u00f6<\/td><td>90\u00b0 (\u00b145\u00b0)<\/td><\/tr><tr><td>Puomiston k\u00e4\u00e4nt\u00f6<\/td><td>360\u00ba<\/td><\/tr><tr><td>M\u00e4ennousukyky<\/td><td>40 % (22\u00b0)<\/td><\/tr><tr><td>Tuentamitat<\/td><td>3,60 m x 3,69 m<\/td><\/tr><tr><td>Suurin k\u00e4ytt\u00f6kaltevuus<\/td><td>21 % (12\u00b0)<\/td><\/tr><tr><td>Paino teloilla \/ renkailla<\/td><td>2660 kg \/ 2660 kg<\/td><\/tr><tr><td>Moottorit<\/td><td>Kubota 14 hv diesel<br>S\u00e4hk\u00f6moottori (230 V \/ 2,2 kW)<\/td><\/tr><tr><td>Hydraulinen ajovoimansiirto<\/td><td>4WD<br>Telat<\/td><\/tr><tr><td>Ajonopeus<\/td><td>2,6 km\/h (5,2 km\/h lis\u00e4varusteella)<\/td><\/tr><\/tbody><\/table><\/figure>\n\n\n\n<p><\/p>\n\n\n\n<figure class=\"wp-block-gallery has-nested-images columns-default is-cropped wp-block-gallery-1 is-layout-flex wp-block-gallery-is-layout-flex\">\n<figure class=\"wp-block-image size-large\"><img loading=\"lazy\" decoding=\"async\" width=\"1024\" height=\"768\" data-id=\"580\" src=\"https:\/\/www.rakennuskuusela.fi\/wp-content\/uploads\/2022\/08\/IMG20220805140321__011-1024x768.jpg\" alt=\"\" class=\"wp-image-580\" srcset=\"https:\/\/www.rakennuskuusela.fi\/wp-content\/uploads\/2022\/08\/IMG20220805140321__011-1024x768.jpg 1024w, https:\/\/www.rakennuskuusela.fi\/wp-content\/uploads\/2022\/08\/IMG20220805140321__011-300x225.jpg 300w, https:\/\/www.rakennuskuusela.fi\/wp-content\/uploads\/2022\/08\/IMG20220805140321__011-768x576.jpg 768w, https:\/\/www.rakennuskuusela.fi\/wp-content\/uploads\/2022\/08\/IMG20220805140321__011-1536x1152.jpg 1536w, https:\/\/www.rakennuskuusela.fi\/wp-content\/uploads\/2022\/08\/IMG20220805140321__011-2048x1536.jpg 2048w, https:\/\/www.rakennuskuusela.fi\/wp-content\/uploads\/2022\/08\/IMG20220805140321__011-1x1.jpg 1w\" sizes=\"auto, (max-width: 1024px) 100vw, 1024px\" \/><\/figure>\n\n\n\n<figure class=\"wp-block-image size-large\"><img loading=\"lazy\" decoding=\"async\" width=\"768\" height=\"1024\" data-id=\"606\" src=\"https:\/\/www.rakennuskuusela.fi\/wp-content\/uploads\/2022\/08\/IMG202207081352051-1-768x1024.jpg\" alt=\"\" class=\"wp-image-606\" srcset=\"https:\/\/www.rakennuskuusela.fi\/wp-content\/uploads\/2022\/08\/IMG202207081352051-1-768x1024.jpg 768w, https:\/\/www.rakennuskuusela.fi\/wp-content\/uploads\/2022\/08\/IMG202207081352051-1-225x300.jpg 225w, https:\/\/www.rakennuskuusela.fi\/wp-content\/uploads\/2022\/08\/IMG202207081352051-1-1152x1536.jpg 1152w, https:\/\/www.rakennuskuusela.fi\/wp-content\/uploads\/2022\/08\/IMG202207081352051-1-1536x2048.jpg 1536w, https:\/\/www.rakennuskuusela.fi\/wp-content\/uploads\/2022\/08\/IMG202207081352051-1-1x1.jpg 1w, https:\/\/www.rakennuskuusela.fi\/wp-content\/uploads\/2022\/08\/IMG202207081352051-1-scaled.jpg 1920w\" sizes=\"auto, (max-width: 768px) 100vw, 768px\" \/><\/figure>\n<\/figure>\n\n\n\n<p><\/p>\n\n\n\n<p><\/p>\n","protected":false},"excerpt":{"rendered":"<p>Onko sinulla tarvetta henkil\u00f6nostimelle jolla p\u00e4\u00e4see paikkaan kuin paikkaan. Pienen koon vuoksi nostimella on todella laaja k\u00e4ytt\u00f6alue. Nostin sopii erinomaisesti esimerkiksi rakennust\u00f6ihin, sein\u00e4n maalaukseen tai arboristik\u00e4ytt\u00f6\u00f6n. Tarpeen tullen kuljetamme nostimen kotiisi Pirkanmaan alueella 1,25\u20ac\/KM Hinnat sis\u00e4lt\u00e4v\u00e4t arvolis\u00e4veron 24% Ota rohkeasti yhteytt\u00e4! TEKNISET TIEDOT Leguan 190 Suurin ty\u00f6skentelykorkeus 19,00 m (230 kg) Suurin ty\u00f6tason korkeus 17,00 [&hellip;]<\/p>\n","protected":false},"author":1,"featured_media":576,"parent":0,"menu_order":0,"comment_status":"closed","ping_status":"closed","template":"","meta":{"footnotes":""},"class_list":["post-543","page","type-page","status-publish","has-post-thumbnail","hentry"],"_links":{"self":[{"href":"https:\/\/www.rakennuskuusela.fi\/index.php?rest_route=\/wp\/v2\/pages\/543","targetHints":{"allow":["GET"]}}],"collection":[{"href":"https:\/\/www.rakennuskuusela.fi\/index.php?rest_route=\/wp\/v2\/pages"}],"about":[{"href":"https:\/\/www.rakennuskuusela.fi\/index.php?rest_route=\/wp\/v2\/types\/page"}],"author":[{"embeddable":true,"href":"https:\/\/www.rakennuskuusela.fi\/index.php?rest_route=\/wp\/v2\/users\/1"}],"replies":[{"embeddable":true,"href":"https:\/\/www.rakennuskuusela.fi\/index.php?rest_route=%2Fwp%2Fv2%2Fcomments&post=543"}],"version-history":[{"count":37,"href":"https:\/\/www.rakennuskuusela.fi\/index.php?rest_route=\/wp\/v2\/pages\/543\/revisions"}],"predecessor-version":[{"id":720,"href":"https:\/\/www.rakennuskuusela.fi\/index.php?rest_route=\/wp\/v2\/pages\/543\/revisions\/720"}],"wp:featuredmedia":[{"embeddable":true,"href":"https:\/\/www.rakennuskuusela.fi\/index.php?rest_route=\/wp\/v2\/media\/576"}],"wp:attachment":[{"href":"https:\/\/www.rakennuskuusela.fi\/index.php?rest_route=%2Fwp%2Fv2%2Fmedia&parent=543"}],"curies":[{"name":"wp","href":"https:\/\/api.w.org\/{rel}","templated":true}]}}